{"id":299,"date":"2026-01-30T11:39:13","date_gmt":"2026-01-30T11:39:13","guid":{"rendered":"https:\/\/esfinformatique.com\/?page_id=299"},"modified":"2026-02-23T17:04:39","modified_gmt":"2026-02-23T17:04:39","slug":"nos-services-professionnels","status":"publish","type":"page","link":"https:\/\/esfinformatique.com\/?page_id=299","title":{"rendered":"Nos services"},"content":{"rendered":"\t\t<div data-elementor-type=\"wp-page\" data-elementor-id=\"299\" class=\"elementor elementor-299\" data-elementor-post-type=\"page\">\n\t\t\t\t<div class=\"elementor-element elementor-element-fb86e4f e-flex e-con-boxed e-con e-parent\" data-id=\"fb86e4f\" data-element_type=\"container\" data-e-type=\"container\">\n\t\t\t\t\t<div class=\"e-con-inner\">\n\t\t\t\t<div class=\"elementor-element elementor-element-5121e71 elementor-widget elementor-widget-text-editor\" data-id=\"5121e71\" data-element_type=\"widget\" data-e-type=\"widget\" data-widget_type=\"text-editor.default\">\n\t\t\t\t\t\t\t\t\t<h3><strong>Formation\u00a0 et Assistance<\/strong><\/h3>\t\t\t\t\t\t\t\t<\/div>\n\t\t\t\t\t<\/div>\n\t\t\t\t<\/div>\n\t\t<div class=\"elementor-element elementor-element-9fe6b3c e-flex e-con-boxed e-con e-parent\" data-id=\"9fe6b3c\" data-element_type=\"container\" data-e-type=\"container\">\n\t\t\t\t\t<div class=\"e-con-inner\">\n\t\t\t\t<div class=\"elementor-element elementor-element-cf23606 elementor-widget elementor-widget-image\" data-id=\"cf23606\" data-element_type=\"widget\" data-e-type=\"widget\" data-settings=\"{&quot;_animation_mobile&quot;:&quot;fadeInDown&quot;}\" data-widget_type=\"image.default\">\n\t\t\t\t\t\t\t\t\t\t\t\t\t\t\t<img fetchpriority=\"high\" width=\"1024\" height=\"576\"  class=\"attachment-large size-large wp-image-301 lws-optimize-lazyload\" alt=\"\" srcset=\"https:\/\/esfinformatique.com\/wp-content\/uploads\/2026\/01\/Design-sans-titre-26-1024x576.png 1024w, https:\/\/esfinformatique.com\/wp-content\/uploads\/2026\/01\/Design-sans-titre-26-300x169.png 300w, https:\/\/esfinformatique.com\/wp-content\/uploads\/2026\/01\/Design-sans-titre-26-768x432.png 768w, https:\/\/esfinformatique.com\/wp-content\/uploads\/2026\/01\/Design-sans-titre-26-610x343.png 610w, https:\/\/esfinformatique.com\/wp-content\/uploads\/2026\/01\/Design-sans-titre-26.png 1366w\" sizes=\"(max-width: 1024px) 100vw, 1024px\" \/ data-src=\"https:\/\/esfinformatique.com\/wp-content\/uploads\/2026\/01\/Design-sans-titre-26-1024x576.png\">\t\t\t\t\t\t\t\t\t\t\t\t\t\t\t<\/div>\n\t\t\t\t\t<\/div>\n\t\t\t\t<\/div>\n\t\t<div class=\"elementor-element elementor-element-d4f236f e-flex e-con-boxed e-con e-parent\" data-id=\"d4f236f\" data-element_type=\"container\" data-e-type=\"container\">\n\t\t\t\t\t<div class=\"e-con-inner\">\n\t\t\t\t<div class=\"elementor-element elementor-element-601ce5e elementor-widget elementor-widget-heading\" data-id=\"601ce5e\" data-element_type=\"widget\" data-e-type=\"widget\" data-widget_type=\"heading.default\">\n\t\t\t\t\t<h3 class=\"elementor-heading-title elementor-size-default\">Marketing et Communication Digitale<\/h3>\t\t\t\t<\/div>\n\t\t\t\t\t<\/div>\n\t\t\t\t<\/div>\n\t\t<div class=\"elementor-element elementor-element-7ddb76e e-flex e-con-boxed e-con e-parent\" data-id=\"7ddb76e\" data-element_type=\"container\" data-e-type=\"container\">\n\t\t\t\t\t<div class=\"e-con-inner\">\n\t\t\t\t<div class=\"elementor-element elementor-element-196bdb7 elementor-widget elementor-widget-image\" data-id=\"196bdb7\" data-element_type=\"widget\" data-e-type=\"widget\" data-settings=\"{&quot;_animation_mobile&quot;:&quot;fadeInLeft&quot;}\" data-widget_type=\"image.default\">\n\t\t\t\t\t\t\t\t\t\t\t\t\t\t\t<img width=\"940\" height=\"788\"  class=\"attachment-large size-large wp-image-404 lws-optimize-lazyload\" alt=\"\" srcset=\"https:\/\/esfinformatique.com\/wp-content\/uploads\/2026\/02\/Formation-avancee.png 940w, https:\/\/esfinformatique.com\/wp-content\/uploads\/2026\/02\/Formation-avancee-300x251.png 300w, https:\/\/esfinformatique.com\/wp-content\/uploads\/2026\/02\/Formation-avancee-768x644.png 768w, https:\/\/esfinformatique.com\/wp-content\/uploads\/2026\/02\/Formation-avancee-610x511.png 610w\" sizes=\"(max-width: 940px) 100vw, 940px\" \/ data-src=\"https:\/\/esfinformatique.com\/wp-content\/uploads\/2026\/02\/Formation-avancee.png\">\t\t\t\t\t\t\t\t\t\t\t\t\t\t\t<\/div>\n\t\t\t\t\t<\/div>\n\t\t\t\t<\/div>\n\t\t<div class=\"elementor-element elementor-element-e44baeb e-flex e-con-boxed e-con e-parent\" data-id=\"e44baeb\" data-element_type=\"container\" data-e-type=\"container\">\n\t\t\t\t\t<div class=\"e-con-inner\">\n\t\t\t\t<div class=\"elementor-element elementor-element-e567fc9 elementor-widget elementor-widget-heading\" data-id=\"e567fc9\" data-element_type=\"widget\" data-e-type=\"widget\" data-widget_type=\"heading.default\">\n\t\t\t\t\t<h3 class=\"elementor-heading-title elementor-size-default\">Graphisme et web design<\/h3>\t\t\t\t<\/div>\n\t\t\t\t\t<\/div>\n\t\t\t\t<\/div>\n\t\t<div class=\"elementor-element elementor-element-9cfcf61 e-flex e-con-boxed e-con e-parent\" data-id=\"9cfcf61\" data-element_type=\"container\" data-e-type=\"container\">\n\t\t\t\t\t<div class=\"e-con-inner\">\n\t\t\t\t<div class=\"elementor-element elementor-element-830ec2d elementor-widget elementor-widget-image\" data-id=\"830ec2d\" data-element_type=\"widget\" data-e-type=\"widget\" data-settings=\"{&quot;_animation_mobile&quot;:&quot;fadeInUp&quot;}\" data-widget_type=\"image.default\">\n\t\t\t\t\t\t\t\t\t\t\t\t\t\t\t<img width=\"940\" height=\"788\"  class=\"attachment-large size-large wp-image-416 lws-optimize-lazyload\" alt=\"\" srcset=\"https:\/\/esfinformatique.com\/wp-content\/uploads\/2026\/02\/Formation-avancee-1.png 940w, https:\/\/esfinformatique.com\/wp-content\/uploads\/2026\/02\/Formation-avancee-1-300x251.png 300w, https:\/\/esfinformatique.com\/wp-content\/uploads\/2026\/02\/Formation-avancee-1-768x644.png 768w, https:\/\/esfinformatique.com\/wp-content\/uploads\/2026\/02\/Formation-avancee-1-610x511.png 610w\" sizes=\"(max-width: 940px) 100vw, 940px\" \/ data-src=\"https:\/\/esfinformatique.com\/wp-content\/uploads\/2026\/02\/Formation-avancee-1.png\">\t\t\t\t\t\t\t\t\t\t\t\t\t\t\t<\/div>\n\t\t\t\t\t<\/div>\n\t\t\t\t<\/div>\n\t\t<div class=\"elementor-element elementor-element-63acfe6 e-flex e-con-boxed e-con e-parent\" data-id=\"63acfe6\" data-element_type=\"container\" data-e-type=\"container\">\n\t\t\t\t\t<div class=\"e-con-inner\">\n\t\t\t\t<div class=\"elementor-element elementor-element-f6fe52b elementor-widget elementor-widget-heading\" data-id=\"f6fe52b\" data-element_type=\"widget\" data-e-type=\"widget\" data-widget_type=\"heading.default\">\n\t\t\t\t\t<h3 class=\"elementor-heading-title elementor-size-default\">Montage Vid\u00e9o <\/h3>\t\t\t\t<\/div>\n\t\t\t\t\t<\/div>\n\t\t\t\t<\/div>\n\t\t<div class=\"elementor-element elementor-element-06e523f e-flex e-con-boxed e-con e-parent\" data-id=\"06e523f\" data-element_type=\"container\" data-e-type=\"container\">\n\t\t\t\t\t<div class=\"e-con-inner\">\n\t\t\t\t<div class=\"elementor-element elementor-element-77acf21 elementor-widget elementor-widget-image\" data-id=\"77acf21\" data-element_type=\"widget\" data-e-type=\"widget\" data-settings=\"{&quot;_animation_mobile&quot;:&quot;fadeInUp&quot;}\" data-widget_type=\"image.default\">\n\t\t\t\t\t\t\t\t\t\t\t\t\t\t\t<img loading=\"lazy\" width=\"940\" height=\"788\"  class=\"attachment-large size-large wp-image-417 lws-optimize-lazyload\" alt=\"\" srcset=\"https:\/\/esfinformatique.com\/wp-content\/uploads\/2026\/02\/Formation-avancee-2.png 940w, https:\/\/esfinformatique.com\/wp-content\/uploads\/2026\/02\/Formation-avancee-2-300x251.png 300w, https:\/\/esfinformatique.com\/wp-content\/uploads\/2026\/02\/Formation-avancee-2-768x644.png 768w, https:\/\/esfinformatique.com\/wp-content\/uploads\/2026\/02\/Formation-avancee-2-610x511.png 610w\" sizes=\"(max-width: 940px) 100vw, 940px\" \/ data-src=\"https:\/\/esfinformatique.com\/wp-content\/uploads\/2026\/02\/Formation-avancee-2.png\">\t\t\t\t\t\t\t\t\t\t\t\t\t\t\t<\/div>\n\t\t\t\t\t<\/div>\n\t\t\t\t<\/div>\n\t\t<div class=\"elementor-element elementor-element-028840a e-flex e-con-boxed e-con e-parent\" data-id=\"028840a\" data-element_type=\"container\" data-e-type=\"container\">\n\t\t\t\t\t<div class=\"e-con-inner\">\n\t\t\t\t<div class=\"elementor-element elementor-element-03afd6d elementor-widget elementor-widget-heading\" data-id=\"03afd6d\" data-element_type=\"widget\" data-e-type=\"widget\" data-widget_type=\"heading.default\">\n\t\t\t\t\t<h3 class=\"elementor-heading-title elementor-size-default\">D\u00e9veloppement Web et Mobile <\/h3>\t\t\t\t<\/div>\n\t\t\t\t\t<\/div>\n\t\t\t\t<\/div>\n\t\t<div class=\"elementor-element elementor-element-27fec3f e-flex e-con-boxed e-con e-parent\" data-id=\"27fec3f\" data-element_type=\"container\" data-e-type=\"container\">\n\t\t\t\t\t<div class=\"e-con-inner\">\n\t\t\t\t<div class=\"elementor-element elementor-element-c706bac elementor-widget elementor-widget-image\" data-id=\"c706bac\" data-element_type=\"widget\" data-e-type=\"widget\" data-widget_type=\"image.default\">\n\t\t\t\t\t\t\t\t\t\t\t\t\t\t\t<img loading=\"lazy\" width=\"940\" height=\"788\"  class=\"attachment-large size-large wp-image-418 lws-optimize-lazyload\" alt=\"\" srcset=\"https:\/\/esfinformatique.com\/wp-content\/uploads\/2026\/02\/Formation-avancee-3.png 940w, https:\/\/esfinformatique.com\/wp-content\/uploads\/2026\/02\/Formation-avancee-3-300x251.png 300w, https:\/\/esfinformatique.com\/wp-content\/uploads\/2026\/02\/Formation-avancee-3-768x644.png 768w, https:\/\/esfinformatique.com\/wp-content\/uploads\/2026\/02\/Formation-avancee-3-610x511.png 610w\" sizes=\"(max-width: 940px) 100vw, 940px\" \/ data-src=\"https:\/\/esfinformatique.com\/wp-content\/uploads\/2026\/02\/Formation-avancee-3.png\">\t\t\t\t\t\t\t\t\t\t\t\t\t\t\t<\/div>\n\t\t\t\t\t<\/div>\n\t\t\t\t<\/div>\n\t\t<div class=\"elementor-element elementor-element-4b7539e e-flex e-con-boxed e-con e-parent\" data-id=\"4b7539e\" data-element_type=\"container\" data-e-type=\"container\">\n\t\t\t\t\t<div class=\"e-con-inner\">\n\t\t\t\t<div class=\"elementor-element elementor-element-0c7858c elementor-widget elementor-widget-heading\" data-id=\"0c7858c\" data-element_type=\"widget\" data-e-type=\"widget\" data-widget_type=\"heading.default\">\n\t\t\t\t\t<h3 class=\"elementor-heading-title elementor-size-default\">Maintenance Syst\u00e8me et R\u00e9paration<\/h3>\t\t\t\t<\/div>\n\t\t\t\t\t<\/div>\n\t\t\t\t<\/div>\n\t\t<div class=\"elementor-element elementor-element-9651593 e-flex e-con-boxed e-con e-parent\" data-id=\"9651593\" data-element_type=\"container\" data-e-type=\"container\">\n\t\t\t\t\t<div class=\"e-con-inner\">\n\t\t\t\t<div class=\"elementor-element elementor-element-904da1e elementor-widget elementor-widget-image\" data-id=\"904da1e\" data-element_type=\"widget\" data-e-type=\"widget\" data-widget_type=\"image.default\">\n\t\t\t\t\t\t\t\t\t\t\t\t\t\t\t<img loading=\"lazy\" width=\"940\" height=\"788\"  class=\"attachment-large size-large wp-image-419 lws-optimize-lazyload\" alt=\"\" srcset=\"https:\/\/esfinformatique.com\/wp-content\/uploads\/2026\/02\/Formation-avancee-4.png 940w, https:\/\/esfinformatique.com\/wp-content\/uploads\/2026\/02\/Formation-avancee-4-300x251.png 300w, https:\/\/esfinformatique.com\/wp-content\/uploads\/2026\/02\/Formation-avancee-4-768x644.png 768w, https:\/\/esfinformatique.com\/wp-content\/uploads\/2026\/02\/Formation-avancee-4-610x511.png 610w\" sizes=\"(max-width: 940px) 100vw, 940px\" \/ data-src=\"https:\/\/esfinformatique.com\/wp-content\/uploads\/2026\/02\/Formation-avancee-4.png\">\t\t\t\t\t\t\t\t\t\t\t\t\t\t\t<\/div>\n\t\t\t\t\t<\/div>\n\t\t\t\t<\/div>\n\t\t<div class=\"elementor-element elementor-element-371ddf1 e-flex e-con-boxed e-con e-parent\" data-id=\"371ddf1\" data-element_type=\"container\" data-e-type=\"container\">\n\t\t\t\t\t<div class=\"e-con-inner\">\n\t\t\t\t<div class=\"elementor-element elementor-element-e3df6e2 elementor-widget elementor-widget-wp-widget-pages\" data-id=\"e3df6e2\" data-element_type=\"widget\" data-e-type=\"widget\" data-widget_type=\"wp-widget-pages.default\">\n\t\t\t\t<div class=\"elementor-widget-container\">\n\t\t\t\t\t<h5>Pages<\/h5>\n\t\t\t<ul>\n\t\t\t\t<li class=\"page_item page-item-464\"><a href=\"https:\/\/esfinformatique.com\/?page_id=464\">Nos Formations<\/a><\/li>\n<li class=\"page_item page-item-199\"><a href=\"https:\/\/esfinformatique.com\/?page_id=199\">Qui sommes-nous?<\/a><\/li>\n<li class=\"page_item page-item-299\"><a href=\"https:\/\/esfinformatique.com\/?page_id=299\">Nos services<\/a><\/li>\n\t\t\t<\/ul>\n\n\t\t\t\t\t\t\t<\/div>\n\t\t\t\t<\/div>\n\t\t\t\t\t<\/div>\n\t\t\t\t<\/div>\n\t\t\t\t<\/div>\n\t\t","protected":false},"excerpt":{"rendered":"<p>Formation\u00a0 et Assistance Marketing et Communication Digitale Graphisme et web design Montage Vid\u00e9o D\u00e9veloppement Web et Mobile Maintenance Syst\u00e8me et R\u00e9paration<\/p>\n","protected":false},"author":1,"featured_media":302,"parent":0,"menu_order":1,"comment_status":"closed","ping_status":"closed","template":"","meta":{"footnotes":""},"class_list":["post-299","page","type-page","status-publish","has-post-thumbnail","hentry"],"yoast_head":"<!-- This site is optimized with the Yoast SEO plugin v27.4 - https:\/\/yoast.com\/product\/yoast-seo-wordpress\/ -->\n<title>Nos services - ESF INFORMATIQUE SARL<\/title>\n<meta name=\"robots\" content=\"noindex, follow\" \/>\n<meta property=\"og:locale\" content=\"fr_FR\" \/>\n<meta property=\"og:type\" content=\"article\" \/>\n<meta property=\"og:title\" content=\"Nos services - ESF INFORMATIQUE SARL\" \/>\n<meta property=\"og:description\" content=\"Formation\u00a0 et Assistance Marketing et Communication Digitale Graphisme et web design Montage Vid\u00e9o D\u00e9veloppement Web et Mobile Maintenance Syst\u00e8me et R\u00e9paration\" \/>\n<meta property=\"og:url\" content=\"https:\/\/esfinformatique.com\/?page_id=299\" \/>\n<meta property=\"og:site_name\" content=\"ESF INFORMATIQUE SARL\" \/>\n<meta property=\"article:publisher\" content=\"https:\/\/www.facebook.com\/esfinformatiquebf\/\" \/>\n<meta property=\"article:modified_time\" content=\"2026-02-23T17:04:39+00:00\" \/>\n<meta property=\"og:image\" content=\"https:\/\/esfinformatique.com\/wp-content\/uploads\/2026\/01\/Design-sans-titre-27.png\" \/>\n\t<meta property=\"og:image:width\" content=\"1366\" \/>\n\t<meta property=\"og:image:height\" content=\"768\" \/>\n\t<meta property=\"og:image:type\" content=\"image\/png\" \/>\n<meta name=\"twitter:card\" content=\"summary_large_image\" \/>\n<meta name=\"twitter:label1\" content=\"Dur\u00e9e de lecture estim\u00e9e\" \/>\n\t<meta name=\"twitter:data1\" content=\"2 minutes\" \/>\n<script type=\"application\/ld+json\" class=\"yoast-schema-graph\">{\"@context\":\"https:\\\/\\\/schema.org\",\"@graph\":[{\"@type\":\"WebPage\",\"@id\":\"https:\\\/\\\/esfinformatique.com\\\/?page_id=299\",\"url\":\"https:\\\/\\\/esfinformatique.com\\\/?page_id=299\",\"name\":\"Nos services - ESF INFORMATIQUE SARL\",\"isPartOf\":{\"@id\":\"https:\\\/\\\/esfinformatique.com\\\/#website\"},\"primaryImageOfPage\":{\"@id\":\"https:\\\/\\\/esfinformatique.com\\\/?page_id=299#primaryimage\"},\"image\":{\"@id\":\"https:\\\/\\\/esfinformatique.com\\\/?page_id=299#primaryimage\"},\"thumbnailUrl\":\"https:\\\/\\\/esfinformatique.com\\\/wp-content\\\/uploads\\\/2026\\\/01\\\/Design-sans-titre-27.png\",\"datePublished\":\"2026-01-30T11:39:13+00:00\",\"dateModified\":\"2026-02-23T17:04:39+00:00\",\"breadcrumb\":{\"@id\":\"https:\\\/\\\/esfinformatique.com\\\/?page_id=299#breadcrumb\"},\"inLanguage\":\"fr-FR\",\"potentialAction\":[{\"@type\":\"ReadAction\",\"target\":[\"https:\\\/\\\/esfinformatique.com\\\/?page_id=299\"]}]},{\"@type\":\"ImageObject\",\"inLanguage\":\"fr-FR\",\"@id\":\"https:\\\/\\\/esfinformatique.com\\\/?page_id=299#primaryimage\",\"url\":\"https:\\\/\\\/esfinformatique.com\\\/wp-content\\\/uploads\\\/2026\\\/01\\\/Design-sans-titre-27.png\",\"contentUrl\":\"https:\\\/\\\/esfinformatique.com\\\/wp-content\\\/uploads\\\/2026\\\/01\\\/Design-sans-titre-27.png\",\"width\":1366,\"height\":768},{\"@type\":\"BreadcrumbList\",\"@id\":\"https:\\\/\\\/esfinformatique.com\\\/?page_id=299#breadcrumb\",\"itemListElement\":[{\"@type\":\"ListItem\",\"position\":1,\"name\":\"Home\",\"item\":\"https:\\\/\\\/esfinformatique.com\\\/\"},{\"@type\":\"ListItem\",\"position\":2,\"name\":\"Nos services\"}]},{\"@type\":\"WebSite\",\"@id\":\"https:\\\/\\\/esfinformatique.com\\\/#website\",\"url\":\"https:\\\/\\\/esfinformatique.com\\\/\",\"name\":\"ESF INFORMATIQUE\",\"description\":\"Votre satisfaction nous priorise !\",\"publisher\":{\"@id\":\"https:\\\/\\\/esfinformatique.com\\\/#organization\"},\"potentialAction\":[{\"@type\":\"SearchAction\",\"target\":{\"@type\":\"EntryPoint\",\"urlTemplate\":\"https:\\\/\\\/esfinformatique.com\\\/?s={search_term_string}\"},\"query-input\":{\"@type\":\"PropertyValueSpecification\",\"valueRequired\":true,\"valueName\":\"search_term_string\"}}],\"inLanguage\":\"fr-FR\"},{\"@type\":\"Organization\",\"@id\":\"https:\\\/\\\/esfinformatique.com\\\/#organization\",\"name\":\"ESF INFORMATIQUE SARL\",\"url\":\"https:\\\/\\\/esfinformatique.com\\\/\",\"logo\":{\"@type\":\"ImageObject\",\"inLanguage\":\"fr-FR\",\"@id\":\"https:\\\/\\\/esfinformatique.com\\\/#\\\/schema\\\/logo\\\/image\\\/\",\"url\":\"https:\\\/\\\/esfinformatique.com\\\/wp-content\\\/uploads\\\/2025\\\/09\\\/Design-sans-titre-2-1.png\",\"contentUrl\":\"https:\\\/\\\/esfinformatique.com\\\/wp-content\\\/uploads\\\/2025\\\/09\\\/Design-sans-titre-2-1.png\",\"width\":512,\"height\":512,\"caption\":\"ESF INFORMATIQUE SARL\"},\"image\":{\"@id\":\"https:\\\/\\\/esfinformatique.com\\\/#\\\/schema\\\/logo\\\/image\\\/\"},\"sameAs\":[\"https:\\\/\\\/www.facebook.com\\\/esfinformatiquebf\\\/\"]}]}<\/script>\n<!-- \/ Yoast SEO plugin. -->","yoast_head_json":{"title":"Nos services - ESF INFORMATIQUE SARL","robots":{"index":"noindex","follow":"follow"},"og_locale":"fr_FR","og_type":"article","og_title":"Nos services - ESF INFORMATIQUE SARL","og_description":"Formation\u00a0 et Assistance Marketing et Communication Digitale Graphisme et web design Montage Vid\u00e9o D\u00e9veloppement Web et Mobile Maintenance Syst\u00e8me et R\u00e9paration","og_url":"https:\/\/esfinformatique.com\/?page_id=299","og_site_name":"ESF INFORMATIQUE SARL","article_publisher":"https:\/\/www.facebook.com\/esfinformatiquebf\/","article_modified_time":"2026-02-23T17:04:39+00:00","og_image":[{"width":1366,"height":768,"url":"https:\/\/esfinformatique.com\/wp-content\/uploads\/2026\/01\/Design-sans-titre-27.png","type":"image\/png"}],"twitter_card":"summary_large_image","twitter_misc":{"Dur\u00e9e de lecture estim\u00e9e":"2 minutes"},"schema":{"@context":"https:\/\/schema.org","@graph":[{"@type":"WebPage","@id":"https:\/\/esfinformatique.com\/?page_id=299","url":"https:\/\/esfinformatique.com\/?page_id=299","name":"Nos services - ESF INFORMATIQUE SARL","isPartOf":{"@id":"https:\/\/esfinformatique.com\/#website"},"primaryImageOfPage":{"@id":"https:\/\/esfinformatique.com\/?page_id=299#primaryimage"},"image":{"@id":"https:\/\/esfinformatique.com\/?page_id=299#primaryimage"},"thumbnailUrl":"https:\/\/esfinformatique.com\/wp-content\/uploads\/2026\/01\/Design-sans-titre-27.png","datePublished":"2026-01-30T11:39:13+00:00","dateModified":"2026-02-23T17:04:39+00:00","breadcrumb":{"@id":"https:\/\/esfinformatique.com\/?page_id=299#breadcrumb"},"inLanguage":"fr-FR","potentialAction":[{"@type":"ReadAction","target":["https:\/\/esfinformatique.com\/?page_id=299"]}]},{"@type":"ImageObject","inLanguage":"fr-FR","@id":"https:\/\/esfinformatique.com\/?page_id=299#primaryimage","url":"https:\/\/esfinformatique.com\/wp-content\/uploads\/2026\/01\/Design-sans-titre-27.png","contentUrl":"https:\/\/esfinformatique.com\/wp-content\/uploads\/2026\/01\/Design-sans-titre-27.png","width":1366,"height":768},{"@type":"BreadcrumbList","@id":"https:\/\/esfinformatique.com\/?page_id=299#breadcrumb","itemListElement":[{"@type":"ListItem","position":1,"name":"Home","item":"https:\/\/esfinformatique.com\/"},{"@type":"ListItem","position":2,"name":"Nos services"}]},{"@type":"WebSite","@id":"https:\/\/esfinformatique.com\/#website","url":"https:\/\/esfinformatique.com\/","name":"ESF INFORMATIQUE","description":"Votre satisfaction nous priorise !","publisher":{"@id":"https:\/\/esfinformatique.com\/#organization"},"potentialAction":[{"@type":"SearchAction","target":{"@type":"EntryPoint","urlTemplate":"https:\/\/esfinformatique.com\/?s={search_term_string}"},"query-input":{"@type":"PropertyValueSpecification","valueRequired":true,"valueName":"search_term_string"}}],"inLanguage":"fr-FR"},{"@type":"Organization","@id":"https:\/\/esfinformatique.com\/#organization","name":"ESF INFORMATIQUE SARL","url":"https:\/\/esfinformatique.com\/","logo":{"@type":"ImageObject","inLanguage":"fr-FR","@id":"https:\/\/esfinformatique.com\/#\/schema\/logo\/image\/","url":"https:\/\/esfinformatique.com\/wp-content\/uploads\/2025\/09\/Design-sans-titre-2-1.png","contentUrl":"https:\/\/esfinformatique.com\/wp-content\/uploads\/2025\/09\/Design-sans-titre-2-1.png","width":512,"height":512,"caption":"ESF INFORMATIQUE SARL"},"image":{"@id":"https:\/\/esfinformatique.com\/#\/schema\/logo\/image\/"},"sameAs":["https:\/\/www.facebook.com\/esfinformatiquebf\/"]}]}},"_links":{"self":[{"href":"https:\/\/esfinformatique.com\/index.php?rest_route=\/wp\/v2\/pages\/299","targetHints":{"allow":["GET"]}}],"collection":[{"href":"https:\/\/esfinformatique.com\/index.php?rest_route=\/wp\/v2\/pages"}],"about":[{"href":"https:\/\/esfinformatique.com\/index.php?rest_route=\/wp\/v2\/types\/page"}],"author":[{"embeddable":true,"href":"https:\/\/esfinformatique.com\/index.php?rest_route=\/wp\/v2\/users\/1"}],"replies":[{"embeddable":true,"href":"https:\/\/esfinformatique.com\/index.php?rest_route=%2Fwp%2Fv2%2Fcomments&post=299"}],"version-history":[{"count":47,"href":"https:\/\/esfinformatique.com\/index.php?rest_route=\/wp\/v2\/pages\/299\/revisions"}],"predecessor-version":[{"id":422,"href":"https:\/\/esfinformatique.com\/index.php?rest_route=\/wp\/v2\/pages\/299\/revisions\/422"}],"wp:featuredmedia":[{"embeddable":true,"href":"https:\/\/esfinformatique.com\/index.php?rest_route=\/wp\/v2\/media\/302"}],"wp:attachment":[{"href":"https:\/\/esfinformatique.com\/index.php?rest_route=%2Fwp%2Fv2%2Fmedia&parent=299"}],"curies":[{"name":"wp","href":"https:\/\/api.w.org\/{rel}","templated":true}]}}