{"id":199,"date":"2025-09-23T15:18:51","date_gmt":"2025-09-23T15:18:51","guid":{"rendered":"https:\/\/esfinformatique.com\/?page_id=199"},"modified":"2026-02-27T16:18:01","modified_gmt":"2026-02-27T16:18:01","slug":"presentation-de-lentreprise","status":"publish","type":"page","link":"https:\/\/esfinformatique.com\/?page_id=199","title":{"rendered":"Qui sommes-nous?"},"content":{"rendered":"\t\t<div data-elementor-type=\"wp-page\" data-elementor-id=\"199\" class=\"elementor elementor-199\" data-elementor-post-type=\"page\">\n\t\t\t\t<div class=\"elementor-element elementor-element-2748503 e-flex e-con-boxed e-con e-parent\" data-id=\"2748503\" data-element_type=\"container\" data-e-type=\"container\">\n\t\t\t\t\t<div class=\"e-con-inner\">\n\t\t\t\t<div class=\"elementor-element elementor-element-deb748f elementor-widget-mobile__width-initial elementor-widget elementor-widget-text-editor\" data-id=\"deb748f\" data-element_type=\"widget\" data-e-type=\"widget\" data-settings=\"{&quot;_animation_mobile&quot;:&quot;fadeInDown&quot;}\" data-widget_type=\"text-editor.default\">\n\t\t\t\t\t\t\t\t\t<p><span class=\"a_GcMg font-feature-liga-off font-feature-clig-off font-feature-calt-off text-decoration-none text-strikethrough-none\">ESF Informatique est une entreprise sp\u00e9cialis\u00e9e dans les solutions num\u00e9riques et informatiques. Notre mission est d\u2019accompagner les entreprises et les particuliers dans l\u2019optimisation de leurs syst\u00e8mes d\u2019information, la gestion de leur pr\u00e9sence en ligne, le d\u00e9veloppement de solutions digitales adapt\u00e9es et dans la formations et assistance. Nous proposons une large gamme de services alliant expertise technique et innovation, afin de r\u00e9pondre aux besoins \u00e9volutifs du march\u00e9.<\/span><\/p>\t\t\t\t\t\t\t\t<\/div>\n\t\t\t\t\t<\/div>\n\t\t\t\t<\/div>\n\t\t<div class=\"elementor-element elementor-element-6e321a2 e-flex e-con-boxed e-con e-parent\" data-id=\"6e321a2\" data-element_type=\"container\" data-e-type=\"container\">\n\t\t\t\t\t<div class=\"e-con-inner\">\n\t\t\t\t<div class=\"elementor-element elementor-element-a0d8f9e elementor-arrows-position-inside elementor-pagination-position-outside elementor-widget elementor-widget-image-carousel\" data-id=\"a0d8f9e\" data-element_type=\"widget\" data-e-type=\"widget\" data-settings=\"{&quot;_animation_mobile&quot;:&quot;fadeInRight&quot;,&quot;navigation&quot;:&quot;both&quot;,&quot;autoplay&quot;:&quot;yes&quot;,&quot;pause_on_hover&quot;:&quot;yes&quot;,&quot;pause_on_interaction&quot;:&quot;yes&quot;,&quot;autoplay_speed&quot;:5000,&quot;infinite&quot;:&quot;yes&quot;,&quot;speed&quot;:500}\" data-widget_type=\"image-carousel.default\">\n\t\t\t\t\t\t\t<div class=\"elementor-image-carousel-wrapper swiper\" role=\"region\" aria-roledescription=\"carousel\" aria-label=\"Carrousel d\u2019images\" dir=\"ltr\">\n\t\t\t<div class=\"elementor-image-carousel swiper-wrapper\" aria-live=\"off\">\n\t\t\t\t\t\t\t\t<div class=\"swiper-slide\" role=\"group\" aria-roledescription=\"slide\" aria-label=\"1 sur 10\"><figure class=\"swiper-slide-inner\"><img class=\"swiper-slide-image lws-optimize-lazyload\"  alt=\"634590953_910534455083427_2166686358847517315_n\" \/ data-src=\"https:\/\/esfinformatique.com\/wp-content\/uploads\/2026\/02\/634590953_910534455083427_2166686358847517315_n.jpg\"><\/figure><\/div><div class=\"swiper-slide\" role=\"group\" aria-roledescription=\"slide\" aria-label=\"2 sur 10\"><figure class=\"swiper-slide-inner\"><img class=\"swiper-slide-image lws-optimize-lazyload\"  alt=\"635274066_910534561750083_8138482046378709185_n\" \/ data-src=\"https:\/\/esfinformatique.com\/wp-content\/uploads\/2026\/02\/635274066_910534561750083_8138482046378709185_n.jpg\"><\/figure><\/div><div class=\"swiper-slide\" role=\"group\" aria-roledescription=\"slide\" aria-label=\"3 sur 10\"><figure class=\"swiper-slide-inner\"><img class=\"swiper-slide-image lws-optimize-lazyload\"  alt=\"635291698_910534701750069_8784903105604676625_n\" \/ data-src=\"https:\/\/esfinformatique.com\/wp-content\/uploads\/2026\/02\/635291698_910534701750069_8784903105604676625_n.jpg\"><\/figure><\/div><div class=\"swiper-slide\" role=\"group\" aria-roledescription=\"slide\" aria-label=\"4 sur 10\"><figure class=\"swiper-slide-inner\"><img class=\"swiper-slide-image lws-optimize-lazyload\"  alt=\"636687568_910534278416778_3217146224371268848_n\" \/ data-src=\"https:\/\/esfinformatique.com\/wp-content\/uploads\/2026\/02\/636687568_910534278416778_3217146224371268848_n.jpg\"><\/figure><\/div><div class=\"swiper-slide\" role=\"group\" aria-roledescription=\"slide\" aria-label=\"5 sur 10\"><figure class=\"swiper-slide-inner\"><img class=\"swiper-slide-image lws-optimize-lazyload\"  alt=\"637099407_910534131750126_365021437095250912_n\" \/ data-src=\"https:\/\/esfinformatique.com\/wp-content\/uploads\/2026\/02\/637099407_910534131750126_365021437095250912_n.jpg\"><\/figure><\/div><div class=\"swiper-slide\" role=\"group\" aria-roledescription=\"slide\" aria-label=\"6 sur 10\"><figure class=\"swiper-slide-inner\"><img class=\"swiper-slide-image lws-optimize-lazyload\"  alt=\"637122096_910534618416744_3662277480072776625_n\" \/ data-src=\"https:\/\/esfinformatique.com\/wp-content\/uploads\/2026\/02\/637122096_910534618416744_3662277480072776625_n.jpg\"><\/figure><\/div><div class=\"swiper-slide\" role=\"group\" aria-roledescription=\"slide\" aria-label=\"7 sur 10\"><figure class=\"swiper-slide-inner\"><img class=\"swiper-slide-image lws-optimize-lazyload\"  alt=\"637171434_910534785083394_372249498853592444_n\" \/ data-src=\"https:\/\/esfinformatique.com\/wp-content\/uploads\/2026\/02\/637171434_910534785083394_372249498853592444_n.jpg\"><\/figure><\/div><div class=\"swiper-slide\" role=\"group\" aria-roledescription=\"slide\" aria-label=\"8 sur 10\"><figure class=\"swiper-slide-inner\"><img class=\"swiper-slide-image lws-optimize-lazyload\"  alt=\"637390898_910534211750118_8668163331816872996_n\" \/ data-src=\"https:\/\/esfinformatique.com\/wp-content\/uploads\/2026\/02\/637390898_910534211750118_8668163331816872996_n.jpg\"><\/figure><\/div><div class=\"swiper-slide\" role=\"group\" aria-roledescription=\"slide\" aria-label=\"9 sur 10\"><figure class=\"swiper-slide-inner\"><img class=\"swiper-slide-image lws-optimize-lazyload\"  alt=\"637390898_910534855083387_5162398868637370971_n\" \/ data-src=\"https:\/\/esfinformatique.com\/wp-content\/uploads\/2026\/02\/637390898_910534855083387_5162398868637370971_n.jpg\"><\/figure><\/div><div class=\"swiper-slide\" role=\"group\" aria-roledescription=\"slide\" aria-label=\"10 sur 10\"><figure class=\"swiper-slide-inner\"><img class=\"swiper-slide-image lws-optimize-lazyload\"  alt=\"639155033_910534358416770_8142874985163320750_n\" \/ data-src=\"https:\/\/esfinformatique.com\/wp-content\/uploads\/2026\/02\/639155033_910534358416770_8142874985163320750_n.jpg\"><\/figure><\/div>\t\t\t<\/div>\n\t\t\t\t\t\t\t\t\t\t\t\t<div class=\"elementor-swiper-button elementor-swiper-button-prev\" role=\"button\" tabindex=\"0\">\n\t\t\t\t\t\t<svg aria-hidden=\"true\" class=\"e-font-icon-svg e-eicon-chevron-left\" viewBox=\"0 0 1000 1000\" xmlns=\"http:\/\/www.w3.org\/2000\/svg\"><path d=\"M646 125C629 125 613 133 604 142L308 442C296 454 292 471 292 487 292 504 296 521 308 533L604 854C617 867 629 875 646 875 663 875 679 871 692 858 704 846 713 829 713 812 713 796 708 779 692 767L438 487 692 225C700 217 708 204 708 187 708 171 704 154 692 142 675 129 663 125 646 125Z\"><\/path><\/svg>\t\t\t\t\t<\/div>\n\t\t\t\t\t<div class=\"elementor-swiper-button elementor-swiper-button-next\" role=\"button\" tabindex=\"0\">\n\t\t\t\t\t\t<svg aria-hidden=\"true\" class=\"e-font-icon-svg e-eicon-chevron-right\" viewBox=\"0 0 1000 1000\" xmlns=\"http:\/\/www.w3.org\/2000\/svg\"><path d=\"M696 533C708 521 713 504 713 487 713 471 708 454 696 446L400 146C388 133 375 125 354 125 338 125 325 129 313 142 300 154 292 171 292 187 292 204 296 221 308 233L563 492 304 771C292 783 288 800 288 817 288 833 296 850 308 863 321 871 338 875 354 875 371 875 388 867 400 854L696 533Z\"><\/path><\/svg>\t\t\t\t\t<\/div>\n\t\t\t\t\n\t\t\t\t\t\t\t\t\t<div class=\"swiper-pagination\"><\/div>\n\t\t\t\t\t\t\t\t\t<\/div>\n\t\t\t\t\t\t<\/div>\n\t\t\t\t\t<\/div>\n\t\t\t\t<\/div>\n\t\t<div class=\"elementor-element elementor-element-7dcb28a e-flex e-con-boxed e-con e-parent\" data-id=\"7dcb28a\" data-element_type=\"container\" data-e-type=\"container\">\n\t\t\t\t\t<div class=\"e-con-inner\">\n\t\t\t\t<div class=\"elementor-element elementor-element-d76ea07 elementor-widget elementor-widget-google_maps\" data-id=\"d76ea07\" data-element_type=\"widget\" data-e-type=\"widget\" data-widget_type=\"google_maps.default\">\n\t\t\t\t\t\t\t<div class=\"elementor-custom-embed\">\n\t\t\t<iframe loading=\"lazy\"\n\t\t\t\t\t\n\t\t\t\t\ttitle=\"ESF Informatique\"\n\t\t\t\t\taria-label=\"ESF Informatique\"\n\t\t\t class=\"lws-optimize-lazyload\" data-src=\"https:\/\/maps.google.com\/maps?q=ESF%20Informatique&#038;t=m&#038;z=10&#038;output=embed&#038;iwloc=near\"><\/iframe>\n\t\t<\/div>\n\t\t\t\t\t\t<\/div>\n\t\t\t\t\t<\/div>\n\t\t\t\t<\/div>\n\t\t\t\t<\/div>\n\t\t","protected":false},"excerpt":{"rendered":"<p>ESF Informatique est une entreprise sp\u00e9cialis\u00e9e dans les solutions num\u00e9riques et informatiques. Notre mission est d\u2019accompagner les entreprises et les particuliers dans l\u2019optimisation de leurs syst\u00e8mes d\u2019information, la gestion de leur pr\u00e9sence en ligne, le d\u00e9veloppement de solutions digitales adapt\u00e9es et dans la formations et assistance. Nous proposons une large gamme de services alliant expertise [&hellip;]<\/p>\n","protected":false},"author":1,"featured_media":123,"parent":0,"menu_order":0,"comment_status":"closed","ping_status":"closed","template":"page-full-width","meta":{"footnotes":""},"class_list":["post-199","page","type-page","status-publish","has-post-thumbnail","hentry"],"yoast_head":"<!-- This site is optimized with the Yoast SEO plugin v27.4 - https:\/\/yoast.com\/product\/yoast-seo-wordpress\/ -->\n<title>Qui sommes-nous? - ESF INFORMATIQUE SARL<\/title>\n<meta name=\"robots\" content=\"noindex, follow\" \/>\n<meta property=\"og:locale\" content=\"fr_FR\" \/>\n<meta property=\"og:type\" content=\"article\" \/>\n<meta property=\"og:title\" content=\"Qui sommes-nous? - ESF INFORMATIQUE SARL\" \/>\n<meta property=\"og:description\" content=\"ESF Informatique est une entreprise sp\u00e9cialis\u00e9e dans les solutions num\u00e9riques et informatiques. Notre mission est d\u2019accompagner les entreprises et les particuliers dans l\u2019optimisation de leurs syst\u00e8mes d\u2019information, la gestion de leur pr\u00e9sence en ligne, le d\u00e9veloppement de solutions digitales adapt\u00e9es et dans la formations et assistance. Nous proposons une large gamme de services alliant expertise [&hellip;]\" \/>\n<meta property=\"og:url\" content=\"https:\/\/esfinformatique.com\/?page_id=199\" \/>\n<meta property=\"og:site_name\" content=\"ESF INFORMATIQUE SARL\" \/>\n<meta property=\"article:publisher\" content=\"https:\/\/www.facebook.com\/esfinformatiquebf\/\" \/>\n<meta property=\"article:modified_time\" content=\"2026-02-27T16:18:01+00:00\" \/>\n<meta property=\"og:image\" content=\"https:\/\/esfinformatique.com\/wp-content\/uploads\/2025\/09\/coverok-1024x576.png\" \/>\n\t<meta property=\"og:image:width\" content=\"1024\" \/>\n\t<meta property=\"og:image:height\" content=\"576\" \/>\n\t<meta property=\"og:image:type\" content=\"image\/png\" \/>\n<meta name=\"twitter:card\" content=\"summary_large_image\" \/>\n<meta name=\"twitter:label1\" content=\"Dur\u00e9e de lecture estim\u00e9e\" \/>\n\t<meta name=\"twitter:data1\" content=\"2 minutes\" \/>\n<script type=\"application\/ld+json\" class=\"yoast-schema-graph\">{\"@context\":\"https:\\\/\\\/schema.org\",\"@graph\":[{\"@type\":\"WebPage\",\"@id\":\"https:\\\/\\\/esfinformatique.com\\\/?page_id=199\",\"url\":\"https:\\\/\\\/esfinformatique.com\\\/?page_id=199\",\"name\":\"Qui sommes-nous? - ESF INFORMATIQUE SARL\",\"isPartOf\":{\"@id\":\"https:\\\/\\\/esfinformatique.com\\\/#website\"},\"primaryImageOfPage\":{\"@id\":\"https:\\\/\\\/esfinformatique.com\\\/?page_id=199#primaryimage\"},\"image\":{\"@id\":\"https:\\\/\\\/esfinformatique.com\\\/?page_id=199#primaryimage\"},\"thumbnailUrl\":\"https:\\\/\\\/esfinformatique.com\\\/wp-content\\\/uploads\\\/2025\\\/09\\\/coverok.png\",\"datePublished\":\"2025-09-23T15:18:51+00:00\",\"dateModified\":\"2026-02-27T16:18:01+00:00\",\"breadcrumb\":{\"@id\":\"https:\\\/\\\/esfinformatique.com\\\/?page_id=199#breadcrumb\"},\"inLanguage\":\"fr-FR\",\"potentialAction\":[{\"@type\":\"ReadAction\",\"target\":[\"https:\\\/\\\/esfinformatique.com\\\/?page_id=199\"]}]},{\"@type\":\"ImageObject\",\"inLanguage\":\"fr-FR\",\"@id\":\"https:\\\/\\\/esfinformatique.com\\\/?page_id=199#primaryimage\",\"url\":\"https:\\\/\\\/esfinformatique.com\\\/wp-content\\\/uploads\\\/2025\\\/09\\\/coverok.png\",\"contentUrl\":\"https:\\\/\\\/esfinformatique.com\\\/wp-content\\\/uploads\\\/2025\\\/09\\\/coverok.png\",\"width\":2560,\"height\":1440},{\"@type\":\"BreadcrumbList\",\"@id\":\"https:\\\/\\\/esfinformatique.com\\\/?page_id=199#breadcrumb\",\"itemListElement\":[{\"@type\":\"ListItem\",\"position\":1,\"name\":\"Home\",\"item\":\"https:\\\/\\\/esfinformatique.com\\\/\"},{\"@type\":\"ListItem\",\"position\":2,\"name\":\"Qui sommes-nous?\"}]},{\"@type\":\"WebSite\",\"@id\":\"https:\\\/\\\/esfinformatique.com\\\/#website\",\"url\":\"https:\\\/\\\/esfinformatique.com\\\/\",\"name\":\"ESF INFORMATIQUE\",\"description\":\"Votre satisfaction nous priorise !\",\"publisher\":{\"@id\":\"https:\\\/\\\/esfinformatique.com\\\/#organization\"},\"potentialAction\":[{\"@type\":\"SearchAction\",\"target\":{\"@type\":\"EntryPoint\",\"urlTemplate\":\"https:\\\/\\\/esfinformatique.com\\\/?s={search_term_string}\"},\"query-input\":{\"@type\":\"PropertyValueSpecification\",\"valueRequired\":true,\"valueName\":\"search_term_string\"}}],\"inLanguage\":\"fr-FR\"},{\"@type\":\"Organization\",\"@id\":\"https:\\\/\\\/esfinformatique.com\\\/#organization\",\"name\":\"ESF INFORMATIQUE SARL\",\"url\":\"https:\\\/\\\/esfinformatique.com\\\/\",\"logo\":{\"@type\":\"ImageObject\",\"inLanguage\":\"fr-FR\",\"@id\":\"https:\\\/\\\/esfinformatique.com\\\/#\\\/schema\\\/logo\\\/image\\\/\",\"url\":\"https:\\\/\\\/esfinformatique.com\\\/wp-content\\\/uploads\\\/2025\\\/09\\\/Design-sans-titre-2-1.png\",\"contentUrl\":\"https:\\\/\\\/esfinformatique.com\\\/wp-content\\\/uploads\\\/2025\\\/09\\\/Design-sans-titre-2-1.png\",\"width\":512,\"height\":512,\"caption\":\"ESF INFORMATIQUE SARL\"},\"image\":{\"@id\":\"https:\\\/\\\/esfinformatique.com\\\/#\\\/schema\\\/logo\\\/image\\\/\"},\"sameAs\":[\"https:\\\/\\\/www.facebook.com\\\/esfinformatiquebf\\\/\"]}]}<\/script>\n<!-- \/ Yoast SEO plugin. -->","yoast_head_json":{"title":"Qui sommes-nous? - ESF INFORMATIQUE SARL","robots":{"index":"noindex","follow":"follow"},"og_locale":"fr_FR","og_type":"article","og_title":"Qui sommes-nous? - ESF INFORMATIQUE SARL","og_description":"ESF Informatique est une entreprise sp\u00e9cialis\u00e9e dans les solutions num\u00e9riques et informatiques. Notre mission est d\u2019accompagner les entreprises et les particuliers dans l\u2019optimisation de leurs syst\u00e8mes d\u2019information, la gestion de leur pr\u00e9sence en ligne, le d\u00e9veloppement de solutions digitales adapt\u00e9es et dans la formations et assistance. Nous proposons une large gamme de services alliant expertise [&hellip;]","og_url":"https:\/\/esfinformatique.com\/?page_id=199","og_site_name":"ESF INFORMATIQUE SARL","article_publisher":"https:\/\/www.facebook.com\/esfinformatiquebf\/","article_modified_time":"2026-02-27T16:18:01+00:00","og_image":[{"width":1024,"height":576,"url":"https:\/\/esfinformatique.com\/wp-content\/uploads\/2025\/09\/coverok-1024x576.png","type":"image\/png"}],"twitter_card":"summary_large_image","twitter_misc":{"Dur\u00e9e de lecture estim\u00e9e":"2 minutes"},"schema":{"@context":"https:\/\/schema.org","@graph":[{"@type":"WebPage","@id":"https:\/\/esfinformatique.com\/?page_id=199","url":"https:\/\/esfinformatique.com\/?page_id=199","name":"Qui sommes-nous? - ESF INFORMATIQUE SARL","isPartOf":{"@id":"https:\/\/esfinformatique.com\/#website"},"primaryImageOfPage":{"@id":"https:\/\/esfinformatique.com\/?page_id=199#primaryimage"},"image":{"@id":"https:\/\/esfinformatique.com\/?page_id=199#primaryimage"},"thumbnailUrl":"https:\/\/esfinformatique.com\/wp-content\/uploads\/2025\/09\/coverok.png","datePublished":"2025-09-23T15:18:51+00:00","dateModified":"2026-02-27T16:18:01+00:00","breadcrumb":{"@id":"https:\/\/esfinformatique.com\/?page_id=199#breadcrumb"},"inLanguage":"fr-FR","potentialAction":[{"@type":"ReadAction","target":["https:\/\/esfinformatique.com\/?page_id=199"]}]},{"@type":"ImageObject","inLanguage":"fr-FR","@id":"https:\/\/esfinformatique.com\/?page_id=199#primaryimage","url":"https:\/\/esfinformatique.com\/wp-content\/uploads\/2025\/09\/coverok.png","contentUrl":"https:\/\/esfinformatique.com\/wp-content\/uploads\/2025\/09\/coverok.png","width":2560,"height":1440},{"@type":"BreadcrumbList","@id":"https:\/\/esfinformatique.com\/?page_id=199#breadcrumb","itemListElement":[{"@type":"ListItem","position":1,"name":"Home","item":"https:\/\/esfinformatique.com\/"},{"@type":"ListItem","position":2,"name":"Qui sommes-nous?"}]},{"@type":"WebSite","@id":"https:\/\/esfinformatique.com\/#website","url":"https:\/\/esfinformatique.com\/","name":"ESF INFORMATIQUE","description":"Votre satisfaction nous priorise !","publisher":{"@id":"https:\/\/esfinformatique.com\/#organization"},"potentialAction":[{"@type":"SearchAction","target":{"@type":"EntryPoint","urlTemplate":"https:\/\/esfinformatique.com\/?s={search_term_string}"},"query-input":{"@type":"PropertyValueSpecification","valueRequired":true,"valueName":"search_term_string"}}],"inLanguage":"fr-FR"},{"@type":"Organization","@id":"https:\/\/esfinformatique.com\/#organization","name":"ESF INFORMATIQUE SARL","url":"https:\/\/esfinformatique.com\/","logo":{"@type":"ImageObject","inLanguage":"fr-FR","@id":"https:\/\/esfinformatique.com\/#\/schema\/logo\/image\/","url":"https:\/\/esfinformatique.com\/wp-content\/uploads\/2025\/09\/Design-sans-titre-2-1.png","contentUrl":"https:\/\/esfinformatique.com\/wp-content\/uploads\/2025\/09\/Design-sans-titre-2-1.png","width":512,"height":512,"caption":"ESF INFORMATIQUE SARL"},"image":{"@id":"https:\/\/esfinformatique.com\/#\/schema\/logo\/image\/"},"sameAs":["https:\/\/www.facebook.com\/esfinformatiquebf\/"]}]}},"_links":{"self":[{"href":"https:\/\/esfinformatique.com\/index.php?rest_route=\/wp\/v2\/pages\/199","targetHints":{"allow":["GET"]}}],"collection":[{"href":"https:\/\/esfinformatique.com\/index.php?rest_route=\/wp\/v2\/pages"}],"about":[{"href":"https:\/\/esfinformatique.com\/index.php?rest_route=\/wp\/v2\/types\/page"}],"author":[{"embeddable":true,"href":"https:\/\/esfinformatique.com\/index.php?rest_route=\/wp\/v2\/users\/1"}],"replies":[{"embeddable":true,"href":"https:\/\/esfinformatique.com\/index.php?rest_route=%2Fwp%2Fv2%2Fcomments&post=199"}],"version-history":[{"count":69,"href":"https:\/\/esfinformatique.com\/index.php?rest_route=\/wp\/v2\/pages\/199\/revisions"}],"predecessor-version":[{"id":463,"href":"https:\/\/esfinformatique.com\/index.php?rest_route=\/wp\/v2\/pages\/199\/revisions\/463"}],"wp:featuredmedia":[{"embeddable":true,"href":"https:\/\/esfinformatique.com\/index.php?rest_route=\/wp\/v2\/media\/123"}],"wp:attachment":[{"href":"https:\/\/esfinformatique.com\/index.php?rest_route=%2Fwp%2Fv2%2Fmedia&parent=199"}],"curies":[{"name":"wp","href":"https:\/\/api.w.org\/{rel}","templated":true}]}}